{"id":232,"date":"2020-06-03T06:53:05","date_gmt":"2020-06-03T06:53:05","guid":{"rendered":"https:\/\/prodemo.woostify.com\/meins\/?page_id=232"},"modified":"2024-02-06T14:14:36","modified_gmt":"2024-02-06T14:14:36","slug":"o-nama","status":"publish","type":"page","link":"https:\/\/smzplastogradnja.hr\/de\/o-nama\/","title":{"rendered":"O nama"},"content":{"rendered":"\t\t<div data-elementor-type=\"wp-page\" data-elementor-id=\"232\" class=\"elementor elementor-232\">\n\t\t\t\t\t\t\t\t\t<section class=\"elementor-section elementor-top-section elementor-element elementor-element-c6b9f5e elementor-section-stretched elementor-section-boxed elementor-section-height-default elementor-section-height-default\" data-id=\"c6b9f5e\" data-element_type=\"section\" data-settings=\"{&quot;stretch_section&quot;:&quot;section-stretched&quot;}\">\n\t\t\t\t\t\t<div class=\"elementor-container elementor-column-gap-default\">\n\t\t\t\t\t<div class=\"elementor-column elementor-col-50 elementor-top-column elementor-element elementor-element-3e887f5\" data-id=\"3e887f5\" data-element_type=\"column\">\n\t\t\t<div class=\"elementor-widget-wrap elementor-element-populated\">\n\t\t\t\t\t\t\t\t<div class=\"elementor-element elementor-element-375c4cc elementor-widget elementor-widget-heading\" data-id=\"375c4cc\" data-element_type=\"widget\" data-widget_type=\"heading.default\">\n\t\t\t\t<div class=\"elementor-widget-container\">\n\t\t\t<style>\/*! elementor - v3.11.2 - 22-02-2023 *\/\n.elementor-heading-title{padding:0;margin:0;line-height:1}.elementor-widget-heading .elementor-heading-title[class*=elementor-size-]>a{color:inherit;font-size:inherit;line-height:inherit}.elementor-widget-heading .elementor-heading-title.elementor-size-small{font-size:15px}.elementor-widget-heading .elementor-heading-title.elementor-size-medium{font-size:19px}.elementor-widget-heading .elementor-heading-title.elementor-size-large{font-size:29px}.elementor-widget-heading .elementor-heading-title.elementor-size-xl{font-size:39px}.elementor-widget-heading .elementor-heading-title.elementor-size-xxl{font-size:59px}<\/style><h2 class=\"elementor-heading-title elementor-size-default\">SMZ PLASTO GRADNJA<\/h2>\t\t<\/div>\n\t\t\t\t<\/div>\n\t\t\t\t<div class=\"elementor-element elementor-element-2260f1d elementor-widget elementor-widget-heading\" data-id=\"2260f1d\" data-element_type=\"widget\" data-widget_type=\"heading.default\">\n\t\t\t\t<div class=\"elementor-widget-container\">\n\t\t\t<h2 class=\"elementor-heading-title elementor-size-default\">\u00dcBER UNS<\/h2>\t\t<\/div>\n\t\t\t\t<\/div>\n\t\t\t\t<div class=\"elementor-element elementor-element-580183b elementor-widget elementor-widget-text-editor\" data-id=\"580183b\" data-element_type=\"widget\" data-widget_type=\"text-editor.default\">\n\t\t\t\t<div class=\"elementor-widget-container\">\n\t\t\t<style>\/*! elementor - v3.11.2 - 22-02-2023 *\/\n.elementor-widget-text-editor.elementor-drop-cap-view-stacked .elementor-drop-cap{background-color:#818a91;color:#fff}.elementor-widget-text-editor.elementor-drop-cap-view-framed .elementor-drop-cap{color:#818a91;border:3px solid;background-color:transparent}.elementor-widget-text-editor:not(.elementor-drop-cap-view-default) .elementor-drop-cap{margin-top:8px}.elementor-widget-text-editor:not(.elementor-drop-cap-view-default) .elementor-drop-cap-letter{width:1em;height:1em}.elementor-widget-text-editor .elementor-drop-cap{float:left;text-align:center;line-height:1;font-size:50px}.elementor-widget-text-editor .elementor-drop-cap-letter{display:inline-block}<\/style>\t\t\t\t<p>Unser Unternehmen hat eine lange Tradition in der Herstellung und dem Verkauf von PVC-Tischlerei, und im Laufe der Jahre haben wir uns zu einem der f\u00fchrenden Unternehmen in der Republik Kroatien entwickelt. Wir sind sowohl in Kroatien als auch in den meisten europ\u00e4ischen L\u00e4ndern t\u00e4tig, von denen die bekanntesten \u00d6sterreich, Deutschland und Italien sind.<\/p>\t\t\t\t\t\t<\/div>\n\t\t\t\t<\/div>\n\t\t\t\t<section class=\"elementor-section elementor-inner-section elementor-element elementor-element-f868e84 elementor-section-boxed elementor-section-height-default elementor-section-height-default\" data-id=\"f868e84\" data-element_type=\"section\">\n\t\t\t\t\t\t<div class=\"elementor-container elementor-column-gap-default\">\n\t\t\t\t\t<div class=\"elementor-column elementor-col-33 elementor-inner-column elementor-element elementor-element-252dd81\" data-id=\"252dd81\" data-element_type=\"column\">\n\t\t\t<div class=\"elementor-widget-wrap elementor-element-populated\">\n\t\t\t\t\t\t\t\t<div class=\"elementor-element elementor-element-1ec93c9 elementor-widget elementor-widget-counter\" data-id=\"1ec93c9\" data-element_type=\"widget\" data-widget_type=\"counter.default\">\n\t\t\t\t<div class=\"elementor-widget-container\">\n\t\t\t<style>\/*! elementor - v3.11.2 - 22-02-2023 *\/\n.elementor-counter .elementor-counter-number-wrapper{display:flex;font-size:69px;font-weight:600;line-height:1}.elementor-counter .elementor-counter-number-prefix,.elementor-counter .elementor-counter-number-suffix{flex-grow:1;white-space:pre-wrap}.elementor-counter .elementor-counter-number-prefix{text-align:right}.elementor-counter .elementor-counter-number-suffix{text-align:left}.elementor-counter .elementor-counter-title{text-align:center;font-size:19px;font-weight:400;line-height:2.5}<\/style>\t\t<div class=\"elementor-counter\">\n\t\t\t<div class=\"elementor-counter-number-wrapper\">\n\t\t\t\t<span class=\"elementor-counter-number-prefix\">+<\/span>\n\t\t\t\t<span class=\"elementor-counter-number\" data-duration=\"2000\" data-to-value=\"30\" data-from-value=\"0\">0<\/span>\n\t\t\t\t<span class=\"elementor-counter-number-suffix\"><\/span>\n\t\t\t<\/div>\n\t\t\t\t\t\t\t<div class=\"elementor-counter-title\">Ein Jahr Erfahrung<\/div>\n\t\t\t\t\t<\/div>\n\t\t\t\t<\/div>\n\t\t\t\t<\/div>\n\t\t\t\t\t<\/div>\n\t\t<\/div>\n\t\t\t\t<div class=\"elementor-column elementor-col-33 elementor-inner-column elementor-element elementor-element-72198b1\" data-id=\"72198b1\" data-element_type=\"column\">\n\t\t\t<div class=\"elementor-widget-wrap elementor-element-populated\">\n\t\t\t\t\t\t\t\t<div class=\"elementor-element elementor-element-444a8fc elementor-widget elementor-widget-counter\" data-id=\"444a8fc\" data-element_type=\"widget\" data-widget_type=\"counter.default\">\n\t\t\t\t<div class=\"elementor-widget-container\">\n\t\t\t\t\t<div class=\"elementor-counter\">\n\t\t\t<div class=\"elementor-counter-number-wrapper\">\n\t\t\t\t<span class=\"elementor-counter-number-prefix\">+<\/span>\n\t\t\t\t<span class=\"elementor-counter-number\" data-duration=\"2000\" data-to-value=\"5450\" data-from-value=\"0\">0<\/span>\n\t\t\t\t<span class=\"elementor-counter-number-suffix\"><\/span>\n\t\t\t<\/div>\n\t\t\t\t\t\t\t<div class=\"elementor-counter-title\">Fertige Projekte<\/div>\n\t\t\t\t\t<\/div>\n\t\t\t\t<\/div>\n\t\t\t\t<\/div>\n\t\t\t\t\t<\/div>\n\t\t<\/div>\n\t\t\t\t<div class=\"elementor-column elementor-col-33 elementor-inner-column elementor-element elementor-element-4ba1fb0\" data-id=\"4ba1fb0\" data-element_type=\"column\">\n\t\t\t<div class=\"elementor-widget-wrap elementor-element-populated\">\n\t\t\t\t\t\t\t\t<div class=\"elementor-element elementor-element-2faf4e6 elementor-widget elementor-widget-counter\" data-id=\"2faf4e6\" data-element_type=\"widget\" data-widget_type=\"counter.default\">\n\t\t\t\t<div class=\"elementor-widget-container\">\n\t\t\t\t\t<div class=\"elementor-counter\">\n\t\t\t<div class=\"elementor-counter-number-wrapper\">\n\t\t\t\t<span class=\"elementor-counter-number-prefix\"><\/span>\n\t\t\t\t<span class=\"elementor-counter-number\" data-duration=\"2000\" data-to-value=\"20\" data-from-value=\"0\">0<\/span>\n\t\t\t\t<span class=\"elementor-counter-number-suffix\">+<\/span>\n\t\t\t<\/div>\n\t\t\t\t\t\t\t<div class=\"elementor-counter-title\">Teammitglieder<\/div>\n\t\t\t\t\t<\/div>\n\t\t\t\t<\/div>\n\t\t\t\t<\/div>\n\t\t\t\t\t<\/div>\n\t\t<\/div>\n\t\t\t\t\t\t\t<\/div>\n\t\t<\/section>\n\t\t\t\t\t<\/div>\n\t\t<\/div>\n\t\t\t\t<div class=\"elementor-column elementor-col-50 elementor-top-column elementor-element elementor-element-31f00b5\" data-id=\"31f00b5\" data-element_type=\"column\">\n\t\t\t<div class=\"elementor-widget-wrap elementor-element-populated\">\n\t\t\t\t\t\t\t\t<div class=\"elementor-element elementor-element-edd43dd elementor-widget elementor-widget-image\" data-id=\"edd43dd\" data-element_type=\"widget\" data-widget_type=\"image.default\">\n\t\t\t\t<div class=\"elementor-widget-container\">\n\t\t\t<style>\/*! elementor - v3.11.2 - 22-02-2023 *\/\n.elementor-widget-image{text-align:center}.elementor-widget-image a{display:inline-block}.elementor-widget-image a img[src$=\".svg\"]{width:48px}.elementor-widget-image img{vertical-align:middle;display:inline-block}<\/style>\t\t\t\t\t\t\t\t\t\t\t\t<img loading=\"lazy\" decoding=\"async\" width=\"1024\" height=\"682\" src=\"https:\/\/smzplastogradnja.hr\/de\/wp-content\/uploads\/2023\/02\/plastic-windows-profile-pvc-different-colors-section-table-office-min-1024x682.jpg\" class=\"attachment-large size-large wp-image-1674\" alt=\"\" srcset=\"https:\/\/smzplastogradnja.hr\/de\/wp-content\/uploads\/2023\/02\/plastic-windows-profile-pvc-different-colors-section-table-office-min-1024x682.jpg 1024w, https:\/\/smzplastogradnja.hr\/de\/wp-content\/uploads\/2023\/02\/elementor\/thumbs\/plastic-windows-profile-pvc-different-colors-section-table-office-min-q2hj830o5sq0va02mnd3cb4e72j7p9n9i1lroj0ki8.jpg 300w, https:\/\/smzplastogradnja.hr\/de\/wp-content\/uploads\/2023\/02\/plastic-windows-profile-pvc-different-colors-section-table-office-min-768x512.jpg 768w, https:\/\/smzplastogradnja.hr\/de\/wp-content\/uploads\/2023\/02\/plastic-windows-profile-pvc-different-colors-section-table-office-min-1536x1024.jpg 1536w, https:\/\/smzplastogradnja.hr\/de\/wp-content\/uploads\/2023\/02\/plastic-windows-profile-pvc-different-colors-section-table-office-min-600x400.jpg 600w, https:\/\/smzplastogradnja.hr\/de\/wp-content\/uploads\/2023\/02\/plastic-windows-profile-pvc-different-colors-section-table-office-min.jpg 2000w\" sizes=\"auto, (max-width: 1024px) 100vw, 1024px\" \/>\t\t\t\t\t\t\t\t\t\t\t\t\t\t\t<\/div>\n\t\t\t\t<\/div>\n\t\t\t\t\t<\/div>\n\t\t<\/div>\n\t\t\t\t\t\t\t<\/div>\n\t\t<\/section>\n\t\t\t\t<section class=\"elementor-section elementor-top-section elementor-element elementor-element-4add000 elementor-section-boxed elementor-section-height-default elementor-section-height-default\" data-id=\"4add000\" data-element_type=\"section\">\n\t\t\t\t\t\t<div class=\"elementor-container elementor-column-gap-default\">\n\t\t\t\t\t<div class=\"elementor-column elementor-col-100 elementor-top-column elementor-element elementor-element-02a5947\" data-id=\"02a5947\" data-element_type=\"column\">\n\t\t\t<div class=\"elementor-widget-wrap elementor-element-populated\">\n\t\t\t\t\t\t\t\t<div class=\"elementor-element elementor-element-dc5e463 elementor-widget elementor-widget-heading\" data-id=\"dc5e463\" data-element_type=\"widget\" data-widget_type=\"heading.default\">\n\t\t\t\t<div class=\"elementor-widget-container\">\n\t\t\t<h2 class=\"elementor-heading-title elementor-size-default\">UNSERE AUFGABE<\/h2>\t\t<\/div>\n\t\t\t\t<\/div>\n\t\t\t\t<div class=\"elementor-element elementor-element-3896b42 elementor-widget elementor-widget-text-editor\" data-id=\"3896b42\" data-element_type=\"widget\" data-widget_type=\"text-editor.default\">\n\t\t\t\t<div class=\"elementor-widget-container\">\n\t\t\t\t\t\t\t<p>Das Ziel unseres Unternehmens ist es, ein Qualit\u00e4tsprodukt zur Zufriedenheit jedes unserer Kunden anzubieten. Wir glauben, dass das Wichtigste im Gesch\u00e4ft ein Qualit\u00e4tsprodukt ist, und aus diesem Grund versuchen wir, Innovationen einzuf\u00fchren und Markttrends zu verfolgen, damit wir jederzeit ein Produkt anbieten k\u00f6nnen, das auf jeden unserer Kunden zugeschnitten ist.<\/p>\t\t\t\t\t\t<\/div>\n\t\t\t\t<\/div>\n\t\t\t\t\t<\/div>\n\t\t<\/div>\n\t\t\t\t\t\t\t<\/div>\n\t\t<\/section>\n\t\t\t\t\t\t\t<\/div>\n\t\t","protected":false},"excerpt":{"rendered":"<p>SMZ PLASTO GRADNJA \u00dcBER UNS Unser Unternehmen hat eine lange Tradition in der Herstellung und dem Verkauf von PVC-Tischlerei, und&#8230;<\/p>\n","protected":false},"author":1,"featured_media":0,"parent":0,"menu_order":0,"comment_status":"closed","ping_status":"closed","template":"elementor_header_footer","meta":{"footnotes":""},"class_list":["post-232","page","type-page","status-publish","hentry"],"post-meta":{"site-container":["default"],"site-header-transparent":["default"],"site-page-header":["default"],"site-sidebar":["default"],"_elementor_edit_mode":["builder"],"_elementor_template_type":["wp-page"],"_elementor_version":["3.11.2"],"_wp_page_template":["elementor_header_footer"],"_elementor_data":["[{\"id\":\"c6b9f5e\",\"elType\":\"section\",\"settings\":{\"stretch_section\":\"section-stretched\",\"structure\":\"20\",\"margin\":{\"unit\":\"px\",\"top\":\"80\",\"right\":0,\"bottom\":\"80\",\"left\":0,\"isLinked\":false},\"margin_mobile\":{\"unit\":\"px\",\"top\":\"0\",\"right\":0,\"bottom\":\"0\",\"left\":0,\"isLinked\":false}},\"elements\":[{\"id\":\"3e887f5\",\"elType\":\"column\",\"settings\":{\"_column_size\":50,\"_inline_size\":56.893000000000000682121026329696178436279296875,\"padding\":{\"unit\":\"px\",\"top\":\"10\",\"right\":\"10\",\"bottom\":\"10\",\"left\":\"10\",\"isLinked\":true},\"_inline_size_tablet\":100,\"padding_tablet\":{\"unit\":\"px\",\"top\":\"10\",\"right\":\"10\",\"bottom\":\"10\",\"left\":\"10\",\"isLinked\":true}},\"elements\":[{\"id\":\"375c4cc\",\"elType\":\"widget\",\"settings\":{\"title\":\"SMZ PLASTO GRADNJA\",\"typography_typography\":\"custom\",\"typography_font_size\":{\"unit\":\"px\",\"size\":16,\"sizes\":[]},\"typography_font_weight\":\"400\",\"typography_text_transform\":\"uppercase\",\"align_mobile\":\"center\",\"__globals__\":{\"title_color\":\"globals\\\/colors?id=73f207b\"}},\"elements\":[],\"widgetType\":\"heading\"},{\"id\":\"2260f1d\",\"elType\":\"widget\",\"settings\":{\"title\":\"\\u00dcBER UNS\",\"typography_typography\":\"custom\",\"typography_font_size\":{\"unit\":\"px\",\"size\":32,\"sizes\":[]},\"align_mobile\":\"center\"},\"elements\":[],\"widgetType\":\"heading\"},{\"id\":\"580183b\",\"elType\":\"widget\",\"settings\":{\"editor\":\"<p>Unser Unternehmen hat eine lange Tradition in der Herstellung und dem Verkauf von PVC-Tischlerei, und im Laufe der Jahre haben wir uns zu einem der f\\u00fchrenden Unternehmen in der Republik Kroatien entwickelt. Wir sind sowohl in Kroatien als auch in den meisten europ\\u00e4ischen L\\u00e4ndern t\\u00e4tig, von denen die bekanntesten \\u00d6sterreich, Deutschland und Italien sind.<\\\/p>\",\"typography_typography\":\"custom\",\"typography_font_size\":{\"unit\":\"px\",\"size\":16,\"sizes\":[]},\"typography_line_height\":{\"unit\":\"px\",\"size\":26,\"sizes\":[]},\"_margin\":{\"unit\":\"px\",\"top\":\"20\",\"right\":\"0\",\"bottom\":\"-15\",\"left\":\"0\",\"isLinked\":false},\"align_mobile\":\"center\"},\"elements\":[],\"widgetType\":\"text-editor\"},{\"id\":\"f868e84\",\"elType\":\"section\",\"settings\":{\"structure\":\"30\",\"margin\":{\"unit\":\"px\",\"top\":\"0\",\"right\":0,\"bottom\":\"0\",\"left\":0,\"isLinked\":false},\"padding\":{\"unit\":\"px\",\"top\":\"0\",\"right\":\"0\",\"bottom\":\"0\",\"left\":\"0\",\"isLinked\":false}},\"elements\":[{\"id\":\"252dd81\",\"elType\":\"column\",\"settings\":{\"_column_size\":33,\"_inline_size\":31.580999999999999516830939683131873607635498046875,\"padding\":{\"unit\":\"px\",\"top\":\"10\",\"right\":\"0\",\"bottom\":\"0\",\"left\":\"0\",\"isLinked\":false}},\"elements\":[{\"id\":\"1ec93c9\",\"elType\":\"widget\",\"settings\":{\"ending_number\":30,\"thousand_separator\":\"\",\"title\":\"Ein Jahr Erfahrung\",\"typography_number_typography\":\"custom\",\"typography_number_font_size\":{\"unit\":\"px\",\"size\":70,\"sizes\":[]},\"title_color\":\"#333333\",\"typography_title_typography\":\"custom\",\"typography_title_font_size\":{\"unit\":\"px\",\"size\":14,\"sizes\":[]},\"typography_title_font_weight\":\"500\",\"typography_title_text_transform\":\"uppercase\",\"__globals__\":{\"number_color\":\"globals\\\/colors?id=73f207b\"},\"prefix\":\"+\",\"_margin\":{\"unit\":\"px\",\"top\":\"0\",\"right\":\"0\",\"bottom\":\"0\",\"left\":\"-84\",\"isLinked\":false},\"_margin_mobile\":{\"unit\":\"px\",\"top\":\"0\",\"right\":\"0\",\"bottom\":\"0\",\"left\":\"0\",\"isLinked\":false}},\"elements\":[],\"widgetType\":\"counter\"}],\"isInner\":true},{\"id\":\"72198b1\",\"elType\":\"column\",\"settings\":{\"_column_size\":33,\"_inline_size\":34.75,\"padding\":{\"unit\":\"px\",\"top\":\"10\",\"right\":\"0\",\"bottom\":\"0\",\"left\":\"0\",\"isLinked\":false}},\"elements\":[{\"id\":\"444a8fc\",\"elType\":\"widget\",\"settings\":{\"ending_number\":5450,\"thousand_separator\":\"\",\"title\":\"Fertige Projekte\",\"typography_number_typography\":\"custom\",\"typography_number_font_size\":{\"unit\":\"px\",\"size\":70,\"sizes\":[]},\"title_color\":\"#333333\",\"typography_title_typography\":\"custom\",\"typography_title_font_size\":{\"unit\":\"px\",\"size\":14,\"sizes\":[]},\"typography_title_font_weight\":\"500\",\"typography_title_text_transform\":\"uppercase\",\"__globals__\":{\"number_color\":\"globals\\\/colors?id=73f207b\"},\"prefix\":\"+\",\"_margin\":{\"unit\":\"px\",\"top\":\"0\",\"right\":\"0\",\"bottom\":\"0\",\"left\":\"-58\",\"isLinked\":false},\"_margin_mobile\":{\"unit\":\"px\",\"top\":\"0\",\"right\":\"0\",\"bottom\":\"0\",\"left\":\"0\",\"isLinked\":false}},\"elements\":[],\"widgetType\":\"counter\"}],\"isInner\":true},{\"id\":\"4ba1fb0\",\"elType\":\"column\",\"settings\":{\"_column_size\":33,\"_inline_size\":null,\"padding\":{\"unit\":\"px\",\"top\":\"10\",\"right\":\"0\",\"bottom\":\"0\",\"left\":\"0\",\"isLinked\":false}},\"elements\":[{\"id\":\"2faf4e6\",\"elType\":\"widget\",\"settings\":{\"ending_number\":20,\"thousand_separator\":\"\",\"title\":\"Teammitglieder\",\"typography_number_typography\":\"custom\",\"typography_number_font_size\":{\"unit\":\"px\",\"size\":70,\"sizes\":[]},\"title_color\":\"#333333\",\"typography_title_typography\":\"custom\",\"typography_title_font_size\":{\"unit\":\"px\",\"size\":14,\"sizes\":[]},\"typography_title_font_weight\":\"500\",\"typography_title_text_transform\":\"uppercase\",\"__globals__\":{\"number_color\":\"globals\\\/colors?id=73f207b\"},\"suffix\":\"+\"},\"elements\":[],\"widgetType\":\"counter\"}],\"isInner\":true}],\"isInner\":true}],\"isInner\":false},{\"id\":\"31f00b5\",\"elType\":\"column\",\"settings\":{\"_column_size\":50,\"_inline_size\":43.07300000000000039790393202565610408782958984375,\"padding\":{\"unit\":\"px\",\"top\":\"0\",\"right\":\"0\",\"bottom\":\"0\",\"left\":\"0\",\"isLinked\":false},\"_inline_size_tablet\":100,\"padding_tablet\":{\"unit\":\"px\",\"top\":\"10\",\"right\":\"10\",\"bottom\":\"10\",\"left\":\"10\",\"isLinked\":true}},\"elements\":[{\"id\":\"edd43dd\",\"elType\":\"widget\",\"settings\":{\"image\":{\"url\":\"https:\\\/\\\/smzplastogradnja.hr\\\/de\\\/wp-content\\\/uploads\\\/2023\\\/02\\\/plastic-windows-profile-pvc-different-colors-section-table-office-min.jpg\",\"id\":1674,\"alt\":\"\",\"source\":\"library\",\"size\":\"\"},\"align_tablet\":\"left\",\"_margin\":{\"unit\":\"px\",\"top\":\"26\",\"right\":\"0\",\"bottom\":\"0\",\"left\":\"0\",\"isLinked\":false}},\"elements\":[],\"widgetType\":\"image\"}],\"isInner\":false}],\"isInner\":false},{\"id\":\"4add000\",\"elType\":\"section\",\"settings\":{\"margin\":{\"unit\":\"px\",\"top\":\"-30\",\"right\":0,\"bottom\":\"50\",\"left\":0,\"isLinked\":false},\"margin_mobile\":{\"unit\":\"px\",\"top\":\"16\",\"right\":0,\"bottom\":\"0\",\"left\":0,\"isLinked\":false}},\"elements\":[{\"id\":\"02a5947\",\"elType\":\"column\",\"settings\":{\"_column_size\":100,\"_inline_size\":null},\"elements\":[{\"id\":\"dc5e463\",\"elType\":\"widget\",\"settings\":{\"title\":\"UNSERE AUFGABE\",\"align\":\"center\"},\"elements\":[],\"widgetType\":\"heading\"},{\"id\":\"3896b42\",\"elType\":\"widget\",\"settings\":{\"editor\":\"<p>Das Ziel unseres Unternehmens ist es, ein Qualit\\u00e4tsprodukt zur Zufriedenheit jedes unserer Kunden anzubieten. Wir glauben, dass das Wichtigste im Gesch\\u00e4ft ein Qualit\\u00e4tsprodukt ist, und aus diesem Grund versuchen wir, Innovationen einzuf\\u00fchren und Markttrends zu verfolgen, damit wir jederzeit ein Produkt anbieten k\\u00f6nnen, das auf jeden unserer Kunden zugeschnitten ist.<\\\/p>\",\"align\":\"center\"},\"elements\":[],\"widgetType\":\"text-editor\"}],\"isInner\":false}],\"isInner\":false}]"],"_elementor_controls_usage":["a:8:{s:7:\"heading\";a:3:{s:5:\"count\";i:7;s:15:\"control_percent\";i:3;s:8:\"controls\";a:2:{s:7:\"content\";a:1:{s:13:\"section_title\";a:3:{s:5:\"title\";i:7;s:5:\"align\";i:2;s:11:\"header_size\";i:2;}}s:5:\"style\";a:1:{s:19:\"section_title_style\";a:7:{s:11:\"title_color\";i:2;s:21:\"typography_typography\";i:7;s:20:\"typography_font_size\";i:7;s:22:\"typography_font_weight\";i:1;s:25:\"typography_text_transform\";i:1;s:27:\"typography_font_size_mobile\";i:2;s:29:\"typography_line_height_mobile\";i:2;}}}}s:11:\"text-editor\";a:3:{s:5:\"count\";i:5;s:15:\"control_percent\";i:2;s:8:\"controls\";a:3:{s:7:\"content\";a:1:{s:14:\"section_editor\";a:1:{s:6:\"editor\";i:5;}}s:5:\"style\";a:1:{s:13:\"section_style\";a:4:{s:21:\"typography_typography\";i:5;s:20:\"typography_font_size\";i:5;s:22:\"typography_line_height\";i:4;s:5:\"align\";i:1;}}s:8:\"advanced\";a:1:{s:14:\"_section_style\";a:1:{s:7:\"_margin\";i:3;}}}}s:7:\"counter\";a:3:{s:5:\"count\";i:3;s:15:\"control_percent\";i:4;s:8:\"controls\";a:2:{s:7:\"content\";a:1:{s:15:\"section_counter\";a:3:{s:13:\"ending_number\";i:3;s:18:\"thousand_separator\";i:3;s:5:\"title\";i:3;}}s:5:\"style\";a:2:{s:14:\"section_number\";a:3:{s:12:\"number_color\";i:3;s:28:\"typography_number_typography\";i:3;s:27:\"typography_number_font_size\";i:3;}s:13:\"section_title\";a:5:{s:11:\"title_color\";i:3;s:27:\"typography_title_typography\";i:3;s:26:\"typography_title_font_size\";i:3;s:28:\"typography_title_font_weight\";i:3;s:31:\"typography_title_text_transform\";i:3;}}}}s:6:\"column\";a:3:{s:5:\"count\";i:18;s:15:\"control_percent\";i:0;s:8:\"controls\";a:2:{s:6:\"layout\";a:1:{s:6:\"layout\";a:2:{s:12:\"_inline_size\";i:18;s:19:\"_inline_size_tablet\";i:8;}}s:8:\"advanced\";a:1:{s:16:\"section_advanced\";a:6:{s:7:\"padding\";i:12;s:13:\"margin_mobile\";i:1;s:14:\"padding_tablet\";i:8;s:14:\"padding_mobile\";i:2;s:6:\"margin\";i:1;s:13:\"margin_tablet\";i:1;}}}}s:7:\"section\";a:3:{s:5:\"count\";i:9;s:15:\"control_percent\";i:3;s:8:\"controls\";a:3:{s:6:\"layout\";a:2:{s:17:\"section_structure\";a:1:{s:9:\"structure\";i:5;}s:14:\"section_layout\";a:5:{s:15:\"stretch_section\";i:4;s:13:\"content_width\";i:4;s:6:\"layout\";i:1;s:6:\"height\";i:2;s:13:\"custom_height\";i:2;}}s:8:\"advanced\";a:1:{s:16:\"section_advanced\";a:3:{s:6:\"margin\";i:5;s:14:\"padding_mobile\";i:2;s:13:\"margin_mobile\";i:2;}}s:5:\"style\";a:1:{s:18:\"section_background\";a:2:{s:21:\"background_background\";i:4;s:16:\"background_color\";i:4;}}}}s:5:\"image\";a:3:{s:5:\"count\";i:1;s:15:\"control_percent\";i:1;s:8:\"controls\";a:1:{s:7:\"content\";a:1:{s:13:\"section_image\";a:2:{s:5:\"image\";i:1;s:12:\"align_tablet\";i:1;}}}}s:9:\"image-box\";a:3:{s:5:\"count\";i:6;s:15:\"control_percent\";i:3;s:8:\"controls\";a:3:{s:7:\"content\";a:1:{s:13:\"section_image\";a:4:{s:5:\"image\";i:6;s:10:\"title_text\";i:6;s:16:\"description_text\";i:6;s:8:\"position\";i:2;}}s:5:\"style\";a:2:{s:21:\"section_style_content\";a:4:{s:27:\"title_typography_typography\";i:6;s:26:\"title_typography_font_size\";i:4;s:33:\"description_typography_typography\";i:4;s:26:\"content_vertical_alignment\";i:2;}s:19:\"section_style_image\";a:1:{s:10:\"image_size\";i:2;}}s:8:\"advanced\";a:2:{s:14:\"_section_style\";a:2:{s:8:\"_padding\";i:4;s:7:\"_margin\";i:2;}s:19:\"_section_background\";a:2:{s:22:\"_background_background\";i:4;s:17:\"_background_color\";i:4;}}}}s:6:\"button\";a:3:{s:5:\"count\";i:1;s:15:\"control_percent\";i:4;s:8:\"controls\";a:2:{s:7:\"content\";a:1:{s:14:\"section_button\";a:4:{s:4:\"text\";i:1;s:5:\"align\";i:1;s:12:\"align_mobile\";i:1;s:4:\"link\";i:1;}}s:5:\"style\";a:1:{s:13:\"section_style\";a:11:{s:21:\"typography_typography\";i:1;s:20:\"typography_font_size\";i:1;s:22:\"typography_font_weight\";i:1;s:17:\"button_text_color\";i:1;s:16:\"background_color\";i:1;s:11:\"hover_color\";i:1;s:29:\"button_background_hover_color\";i:1;s:25:\"button_hover_border_color\";i:1;s:13:\"border_border\";i:1;s:12:\"border_width\";i:1;s:12:\"border_color\";i:1;}}}}}"],"_wxr_import_user_slug":["ulr3g"],"_wxr_import_has_attachment_refs":["1"],"_edit_lock":["1707228873:1"],"_elementor_page_assets":["a:0:{}"],"_edit_last":["1"],"_elementor_css":["a:6:{s:4:\"time\";i:1733579432;s:5:\"fonts\";a:0:{}s:5:\"icons\";a:0:{}s:20:\"dynamic_elements_ids\";a:0:{}s:6:\"status\";s:4:\"file\";i:0;s:0:\"\";}"]},"_links":{"self":[{"href":"https:\/\/smzplastogradnja.hr\/de\/wp-json\/wp\/v2\/pages\/232","targetHints":{"allow":["GET"]}}],"collection":[{"href":"https:\/\/smzplastogradnja.hr\/de\/wp-json\/wp\/v2\/pages"}],"about":[{"href":"https:\/\/smzplastogradnja.hr\/de\/wp-json\/wp\/v2\/types\/page"}],"author":[{"embeddable":true,"href":"https:\/\/smzplastogradnja.hr\/de\/wp-json\/wp\/v2\/users\/1"}],"replies":[{"embeddable":true,"href":"https:\/\/smzplastogradnja.hr\/de\/wp-json\/wp\/v2\/comments?post=232"}],"version-history":[{"count":55,"href":"https:\/\/smzplastogradnja.hr\/de\/wp-json\/wp\/v2\/pages\/232\/revisions"}],"predecessor-version":[{"id":2183,"href":"https:\/\/smzplastogradnja.hr\/de\/wp-json\/wp\/v2\/pages\/232\/revisions\/2183"}],"wp:attachment":[{"href":"https:\/\/smzplastogradnja.hr\/de\/wp-json\/wp\/v2\/media?parent=232"}],"curies":[{"name":"wp","href":"https:\/\/api.w.org\/{rel}","templated":true}]}}